{"id":20477,"date":"2025-01-05T08:42:33","date_gmt":"2025-01-05T08:42:33","guid":{"rendered":"https:\/\/pt-ekspress.com\/product\/pt-g-1\/"},"modified":"2025-01-05T08:42:33","modified_gmt":"2025-01-05T08:42:33","slug":"pt-g-1","status":"publish","type":"product","link":"https:\/\/pt-ekspress.com\/tr\/product\/pt-g-1\/","title":{"rendered":"PT-G-1"},"content":{"rendered":"<p>SPORTIF MODERN TASARIMLI HAFIF VE RAHAT BIR G\u00d6ZL\u00dcKT\u00dcR HER T\u00dcRL\u00dc Y\u00dcZ HER \u015eEKLINE UYUM SA\u011eLAYAB\u0130L\u0130R polycarbonate LENS UV I\u015eINLARNA KAR\u015eI TAM KORUMA SA\u011eLAR<\/p>\n<p>SAPLARINADA BULANAN S\u0130L\u0130KON TAKV\u0130YELER\u0130 BA\u015e VE KULAK B\u00d6LGES\u0130NDE RAHATS\u0130ZL\u0130K VEREMEZ<\/p>\n<p>\u00c7OK ALANIN KULLANILAB\u0130L\u0130R<\/p>\n","protected":false},"excerpt":{"rendered":"<h1><strong>K\u00d6R\u00dcYC\u00dc G\u00d6ZL\u00dcK<\/strong><!--more--><!--more--><\/h1>\n","protected":false},"featured_media":20296,"comment_status":"open","ping_status":"closed","template":"","meta":{"_joinchat":[]},"product_brand":[],"product_cat":[158],"product_tag":[],"class_list":{"0":"post-20477","1":"product","2":"type-product","3":"status-publish","4":"has-post-thumbnail","6":"product_cat-guvenligi-gozluk","8":"first","9":"instock","10":"taxable","11":"shipping-taxable","12":"product-type-simple"},"_links":{"self":[{"href":"https:\/\/pt-ekspress.com\/tr\/wp-json\/wp\/v2\/product\/20477","targetHints":{"allow":["GET"]}}],"collection":[{"href":"https:\/\/pt-ekspress.com\/tr\/wp-json\/wp\/v2\/product"}],"about":[{"href":"https:\/\/pt-ekspress.com\/tr\/wp-json\/wp\/v2\/types\/product"}],"replies":[{"embeddable":true,"href":"https:\/\/pt-ekspress.com\/tr\/wp-json\/wp\/v2\/comments?post=20477"}],"version-history":[{"count":0,"href":"https:\/\/pt-ekspress.com\/tr\/wp-json\/wp\/v2\/product\/20477\/revisions"}],"wp:featuredmedia":[{"embeddable":true,"href":"https:\/\/pt-ekspress.com\/tr\/wp-json\/wp\/v2\/media\/20296"}],"wp:attachment":[{"href":"https:\/\/pt-ekspress.com\/tr\/wp-json\/wp\/v2\/media?parent=20477"}],"wp:term":[{"taxonomy":"product_brand","embeddable":true,"href":"https:\/\/pt-ekspress.com\/tr\/wp-json\/wp\/v2\/product_brand?post=20477"},{"taxonomy":"product_cat","embeddable":true,"href":"https:\/\/pt-ekspress.com\/tr\/wp-json\/wp\/v2\/product_cat?post=20477"},{"taxonomy":"product_tag","embeddable":true,"href":"https:\/\/pt-ekspress.com\/tr\/wp-json\/wp\/v2\/product_tag?post=20477"}],"curies":[{"name":"wp","href":"https:\/\/api.w.org\/{rel}","templated":true}]}}