{"id":19382,"date":"2024-12-13T12:53:22","date_gmt":"2024-12-13T12:53:22","guid":{"rendered":"https:\/\/pt-ekspress.com\/product\/pt-ik7\/"},"modified":"2024-12-13T12:53:22","modified_gmt":"2024-12-13T12:53:22","slug":"pt-ik7","status":"publish","type":"product","link":"https:\/\/pt-ekspress.com\/tr\/product\/pt-ik7\/","title":{"rendered":"PT-IK7"},"content":{"rendered":"<ul>\n<li><strong>130 Gr %100 Polyester Kuma\u015f<\/strong><\/li>\n<li><strong>Min 330 CD\/Lux Kuma\u015f Reflekt\u00f6r<\/strong><\/li>\n<li><strong>CE EN 20471 Sertifikal\u0131<\/strong><\/li>\n<li><strong>Sertifika No: 2163-PPE-621 (Class 2)<\/strong><\/li>\n<li><strong>Altta \u0130ki Adet Yatay ve Dikey Kullan\u0131ma Uygun K\u00f6r\u00fckl\u00fc Cep<\/strong><\/li>\n<li><strong>\u00dcstte \u0130ki Adet Cep<br \/><\/strong><\/li>\n<li><strong>Renk: Turuncu + Lacivert<\/strong><\/li>\n<\/ul>\n","protected":false},"excerpt":{"rendered":"<p>130 Gr %100 Polyester Kuma\u015f Min 330 CD\/Lux Kuma\u015f Reflekt\u00f6r CE EN 20471 Sertifikal\u0131 Sertifika No: 2163-PPE-621 (Class 2) Altta<\/p>\n","protected":false},"featured_media":19379,"comment_status":"open","ping_status":"closed","template":"","meta":{"_joinchat":[]},"product_brand":[],"product_cat":[142],"product_tag":[],"class_list":{"0":"post-19382","1":"product","2":"type-product","3":"status-publish","4":"has-post-thumbnail","6":"product_cat-yelekler","8":"first","9":"instock","10":"taxable","11":"shipping-taxable","12":"product-type-simple"},"_links":{"self":[{"href":"https:\/\/pt-ekspress.com\/tr\/wp-json\/wp\/v2\/product\/19382","targetHints":{"allow":["GET"]}}],"collection":[{"href":"https:\/\/pt-ekspress.com\/tr\/wp-json\/wp\/v2\/product"}],"about":[{"href":"https:\/\/pt-ekspress.com\/tr\/wp-json\/wp\/v2\/types\/product"}],"replies":[{"embeddable":true,"href":"https:\/\/pt-ekspress.com\/tr\/wp-json\/wp\/v2\/comments?post=19382"}],"version-history":[{"count":0,"href":"https:\/\/pt-ekspress.com\/tr\/wp-json\/wp\/v2\/product\/19382\/revisions"}],"wp:featuredmedia":[{"embeddable":true,"href":"https:\/\/pt-ekspress.com\/tr\/wp-json\/wp\/v2\/media\/19379"}],"wp:attachment":[{"href":"https:\/\/pt-ekspress.com\/tr\/wp-json\/wp\/v2\/media?parent=19382"}],"wp:term":[{"taxonomy":"product_brand","embeddable":true,"href":"https:\/\/pt-ekspress.com\/tr\/wp-json\/wp\/v2\/product_brand?post=19382"},{"taxonomy":"product_cat","embeddable":true,"href":"https:\/\/pt-ekspress.com\/tr\/wp-json\/wp\/v2\/product_cat?post=19382"},{"taxonomy":"product_tag","embeddable":true,"href":"https:\/\/pt-ekspress.com\/tr\/wp-json\/wp\/v2\/product_tag?post=19382"}],"curies":[{"name":"wp","href":"https:\/\/api.w.org\/{rel}","templated":true}]}}