{"id":18544,"date":"2024-11-21T10:51:55","date_gmt":"2024-11-21T10:51:55","guid":{"rendered":"https:\/\/pt-ekspress.com\/product\/pt-1086\/"},"modified":"2024-11-27T00:54:49","modified_gmt":"2024-11-27T00:54:49","slug":"pt-1086","status":"publish","type":"product","link":"https:\/\/pt-ekspress.com\/tr\/product\/pt-1086\/","title":{"rendered":"PT 1086"},"content":{"rendered":"<p>\u00dcr\u00fcn A\u011f\u0131rl\u0131\u011f\u0131<\/p>\n<table class=\"table\" style=\"height: 137px;\" width=\"695\">\n<tbody>\n<tr>\n<td><strong>Marka<\/strong><\/td>\n<td>\u00dcST\u00dcN<\/td>\n<\/tr>\n<tr>\n<td>Boyutlar<\/td>\n<td>1830 x 150 x 100 mm<\/td>\n<\/tr>\n<tr class=\"size-weight\">\n<td><strong>A\u011f\u0131rl\u0131k<\/strong><\/td>\n<td>15 Kg<\/td>\n<\/tr>\n<tr class=\"size-weight\">\n<td><strong>Malzeme<\/strong><\/td>\n<td>Kau\u00e7uk<\/td>\n<\/tr>\n<\/tbody>\n<\/table>\n<section class=\"related products\"><\/section>\n","protected":false},"excerpt":{"rendered":"<h3>Kau\u00e7uk Ara\u00e7 Stoperi \u2013 183 cm<\/h3>\n","protected":false},"featured_media":18541,"comment_status":"open","ping_status":"closed","template":"","meta":{"_joinchat":[]},"product_brand":[],"product_cat":[100],"product_tag":[],"class_list":{"0":"post-18544","1":"product","2":"type-product","3":"status-publish","4":"has-post-thumbnail","6":"product_cat-arac-durdurucular","8":"first","9":"instock","10":"taxable","11":"shipping-taxable","12":"product-type-simple"},"_links":{"self":[{"href":"https:\/\/pt-ekspress.com\/tr\/wp-json\/wp\/v2\/product\/18544","targetHints":{"allow":["GET"]}}],"collection":[{"href":"https:\/\/pt-ekspress.com\/tr\/wp-json\/wp\/v2\/product"}],"about":[{"href":"https:\/\/pt-ekspress.com\/tr\/wp-json\/wp\/v2\/types\/product"}],"replies":[{"embeddable":true,"href":"https:\/\/pt-ekspress.com\/tr\/wp-json\/wp\/v2\/comments?post=18544"}],"version-history":[{"count":4,"href":"https:\/\/pt-ekspress.com\/tr\/wp-json\/wp\/v2\/product\/18544\/revisions"}],"predecessor-version":[{"id":18763,"href":"https:\/\/pt-ekspress.com\/tr\/wp-json\/wp\/v2\/product\/18544\/revisions\/18763"}],"wp:featuredmedia":[{"embeddable":true,"href":"https:\/\/pt-ekspress.com\/tr\/wp-json\/wp\/v2\/media\/18541"}],"wp:attachment":[{"href":"https:\/\/pt-ekspress.com\/tr\/wp-json\/wp\/v2\/media?parent=18544"}],"wp:term":[{"taxonomy":"product_brand","embeddable":true,"href":"https:\/\/pt-ekspress.com\/tr\/wp-json\/wp\/v2\/product_brand?post=18544"},{"taxonomy":"product_cat","embeddable":true,"href":"https:\/\/pt-ekspress.com\/tr\/wp-json\/wp\/v2\/product_cat?post=18544"},{"taxonomy":"product_tag","embeddable":true,"href":"https:\/\/pt-ekspress.com\/tr\/wp-json\/wp\/v2\/product_tag?post=18544"}],"curies":[{"name":"wp","href":"https:\/\/api.w.org\/{rel}","templated":true}]}}