{"id":18537,"date":"2024-11-21T10:41:21","date_gmt":"2024-11-21T10:41:21","guid":{"rendered":"https:\/\/pt-ekspress.com\/product\/pt-1085-2\/"},"modified":"2024-12-03T08:51:05","modified_gmt":"2024-12-03T08:51:05","slug":"pt-1085-2","status":"publish","type":"product","link":"https:\/\/pt-ekspress.com\/tr\/product\/pt-1085-2\/","title":{"rendered":"PT 1085"},"content":{"rendered":"<p>&nbsp;<\/p>\n<table class=\"table\" width=\"688\">\n<tbody>\n<tr>\n<td><\/td>\n<td><\/td>\n<\/tr>\n<tr>\n<td><b>Boyutlar<\/b><\/td>\n<td>620 x 120 x 100 mm<\/td>\n<\/tr>\n<tr class=\"size-weight\">\n<td><strong>\u00dcr\u00fcn A\u011f\u0131rl\u0131\u011f\u0131<\/strong><\/td>\n<td>5 Kg<\/td>\n<\/tr>\n<tr class=\"size-weight\">\n<td><strong>Malzeme<\/strong><\/td>\n<td>Kau\u00e7uk<\/td>\n<\/tr>\n<\/tbody>\n<\/table>\n","protected":false},"excerpt":{"rendered":"<h3>Kau\u00e7uk Ara\u00e7 Stoperi \u2013 60 cm<\/h3>\n","protected":false},"featured_media":18534,"comment_status":"open","ping_status":"closed","template":"","meta":{"_joinchat":[]},"product_brand":[],"product_cat":[100],"product_tag":[],"class_list":{"0":"post-18537","1":"product","2":"type-product","3":"status-publish","4":"has-post-thumbnail","6":"product_cat-arac-durdurucular","8":"first","9":"instock","10":"taxable","11":"shipping-taxable","12":"product-type-simple"},"_links":{"self":[{"href":"https:\/\/pt-ekspress.com\/tr\/wp-json\/wp\/v2\/product\/18537","targetHints":{"allow":["GET"]}}],"collection":[{"href":"https:\/\/pt-ekspress.com\/tr\/wp-json\/wp\/v2\/product"}],"about":[{"href":"https:\/\/pt-ekspress.com\/tr\/wp-json\/wp\/v2\/types\/product"}],"replies":[{"embeddable":true,"href":"https:\/\/pt-ekspress.com\/tr\/wp-json\/wp\/v2\/comments?post=18537"}],"version-history":[{"count":2,"href":"https:\/\/pt-ekspress.com\/tr\/wp-json\/wp\/v2\/product\/18537\/revisions"}],"predecessor-version":[{"id":18975,"href":"https:\/\/pt-ekspress.com\/tr\/wp-json\/wp\/v2\/product\/18537\/revisions\/18975"}],"wp:featuredmedia":[{"embeddable":true,"href":"https:\/\/pt-ekspress.com\/tr\/wp-json\/wp\/v2\/media\/18534"}],"wp:attachment":[{"href":"https:\/\/pt-ekspress.com\/tr\/wp-json\/wp\/v2\/media?parent=18537"}],"wp:term":[{"taxonomy":"product_brand","embeddable":true,"href":"https:\/\/pt-ekspress.com\/tr\/wp-json\/wp\/v2\/product_brand?post=18537"},{"taxonomy":"product_cat","embeddable":true,"href":"https:\/\/pt-ekspress.com\/tr\/wp-json\/wp\/v2\/product_cat?post=18537"},{"taxonomy":"product_tag","embeddable":true,"href":"https:\/\/pt-ekspress.com\/tr\/wp-json\/wp\/v2\/product_tag?post=18537"}],"curies":[{"name":"wp","href":"https:\/\/api.w.org\/{rel}","templated":true}]}}