{"id":18406,"date":"2024-11-20T20:42:04","date_gmt":"2024-11-20T20:42:04","guid":{"rendered":"https:\/\/pt-ekspress.com\/product\/pt-1075\/"},"modified":"2024-12-12T14:22:03","modified_gmt":"2024-12-12T14:22:03","slug":"pt-1075","status":"publish","type":"product","link":"https:\/\/pt-ekspress.com\/tr\/product\/pt-1075\/","title":{"rendered":"PT 1075"},"content":{"rendered":"<p>Malzeme: PPC \\ PP \\ PE<br \/>\nDelineator: TPU<br \/>\nBoyutlar: 210 \u00d7 900 \u00d7 H: 200 mm<br \/>\nDelineator Toplam Y\u00fckseklik: 450 mm \\ 650 mm<\/p>\n","protected":false},"excerpt":{"rendered":"<table width=\"270\">\n<tbody>\n<tr>\n<td width=\"270\">\n<h3>\u015ferit ay\u0131r\u0131c\u0131lar\u0131<\/h3>\n<\/td>\n<\/tr>\n<\/tbody>\n<\/table>\n","protected":false},"featured_media":18404,"comment_status":"open","ping_status":"closed","template":"","meta":{"_joinchat":[]},"product_brand":[],"product_cat":[111],"product_tag":[],"class_list":{"0":"post-18406","1":"product","2":"type-product","3":"status-publish","4":"has-post-thumbnail","6":"product_cat-yol-serit-ayiricilari","8":"first","9":"instock","10":"taxable","11":"shipping-taxable","12":"product-type-simple"},"_links":{"self":[{"href":"https:\/\/pt-ekspress.com\/tr\/wp-json\/wp\/v2\/product\/18406","targetHints":{"allow":["GET"]}}],"collection":[{"href":"https:\/\/pt-ekspress.com\/tr\/wp-json\/wp\/v2\/product"}],"about":[{"href":"https:\/\/pt-ekspress.com\/tr\/wp-json\/wp\/v2\/types\/product"}],"replies":[{"embeddable":true,"href":"https:\/\/pt-ekspress.com\/tr\/wp-json\/wp\/v2\/comments?post=18406"}],"version-history":[{"count":2,"href":"https:\/\/pt-ekspress.com\/tr\/wp-json\/wp\/v2\/product\/18406\/revisions"}],"predecessor-version":[{"id":19093,"href":"https:\/\/pt-ekspress.com\/tr\/wp-json\/wp\/v2\/product\/18406\/revisions\/19093"}],"wp:featuredmedia":[{"embeddable":true,"href":"https:\/\/pt-ekspress.com\/tr\/wp-json\/wp\/v2\/media\/18404"}],"wp:attachment":[{"href":"https:\/\/pt-ekspress.com\/tr\/wp-json\/wp\/v2\/media?parent=18406"}],"wp:term":[{"taxonomy":"product_brand","embeddable":true,"href":"https:\/\/pt-ekspress.com\/tr\/wp-json\/wp\/v2\/product_brand?post=18406"},{"taxonomy":"product_cat","embeddable":true,"href":"https:\/\/pt-ekspress.com\/tr\/wp-json\/wp\/v2\/product_cat?post=18406"},{"taxonomy":"product_tag","embeddable":true,"href":"https:\/\/pt-ekspress.com\/tr\/wp-json\/wp\/v2\/product_tag?post=18406"}],"curies":[{"name":"wp","href":"https:\/\/api.w.org\/{rel}","templated":true}]}}