{"id":18384,"date":"2024-11-20T20:27:32","date_gmt":"2024-11-20T20:27:32","guid":{"rendered":"https:\/\/pt-ekspress.com\/product\/pt-1071\/"},"modified":"2024-12-12T14:06:14","modified_gmt":"2024-12-12T14:06:14","slug":"pt-1071","status":"publish","type":"product","link":"https:\/\/pt-ekspress.com\/tr\/product\/pt-1071\/","title":{"rendered":"PT 1071"},"content":{"rendered":"<p>Malzeme: ABS \\ PPC \\ PP PE<br \/>\nBoyutlar: 1000 \u00d7 200 \u00d7 80 mm<br \/>\nA\u011f\u0131rl\u0131k: 4.0 Kg<\/p>\n","protected":false},"excerpt":{"rendered":"<table width=\"270\">\n<tbody>\n<tr>\n<td width=\"270\">\n<h3>\u015ferit ay\u0131r\u0131c\u0131lar\u0131<\/h3>\n<\/td>\n<\/tr>\n<\/tbody>\n<\/table>\n","protected":false},"featured_media":18376,"comment_status":"open","ping_status":"closed","template":"","meta":{"_joinchat":[]},"product_brand":[],"product_cat":[111],"product_tag":[],"class_list":{"0":"post-18384","1":"product","2":"type-product","3":"status-publish","4":"has-post-thumbnail","6":"product_cat-yol-serit-ayiricilari","8":"first","9":"instock","10":"taxable","11":"shipping-taxable","12":"product-type-simple"},"_links":{"self":[{"href":"https:\/\/pt-ekspress.com\/tr\/wp-json\/wp\/v2\/product\/18384","targetHints":{"allow":["GET"]}}],"collection":[{"href":"https:\/\/pt-ekspress.com\/tr\/wp-json\/wp\/v2\/product"}],"about":[{"href":"https:\/\/pt-ekspress.com\/tr\/wp-json\/wp\/v2\/types\/product"}],"replies":[{"embeddable":true,"href":"https:\/\/pt-ekspress.com\/tr\/wp-json\/wp\/v2\/comments?post=18384"}],"version-history":[{"count":2,"href":"https:\/\/pt-ekspress.com\/tr\/wp-json\/wp\/v2\/product\/18384\/revisions"}],"predecessor-version":[{"id":19074,"href":"https:\/\/pt-ekspress.com\/tr\/wp-json\/wp\/v2\/product\/18384\/revisions\/19074"}],"wp:featuredmedia":[{"embeddable":true,"href":"https:\/\/pt-ekspress.com\/tr\/wp-json\/wp\/v2\/media\/18376"}],"wp:attachment":[{"href":"https:\/\/pt-ekspress.com\/tr\/wp-json\/wp\/v2\/media?parent=18384"}],"wp:term":[{"taxonomy":"product_brand","embeddable":true,"href":"https:\/\/pt-ekspress.com\/tr\/wp-json\/wp\/v2\/product_brand?post=18384"},{"taxonomy":"product_cat","embeddable":true,"href":"https:\/\/pt-ekspress.com\/tr\/wp-json\/wp\/v2\/product_cat?post=18384"},{"taxonomy":"product_tag","embeddable":true,"href":"https:\/\/pt-ekspress.com\/tr\/wp-json\/wp\/v2\/product_tag?post=18384"}],"curies":[{"name":"wp","href":"https:\/\/api.w.org\/{rel}","templated":true}]}}