{"id":18023,"date":"2024-11-12T14:27:57","date_gmt":"2024-11-12T14:27:57","guid":{"rendered":"https:\/\/pt-ekspress.com\/product\/pt-1061\/"},"modified":"2024-11-27T01:39:13","modified_gmt":"2024-11-27T01:39:13","slug":"pt-1061","status":"publish","type":"product","link":"https:\/\/pt-ekspress.com\/tr\/product\/pt-1061\/","title":{"rendered":"PT 1061"},"content":{"rendered":"<p><strong>Y\u00fckseklik:<\/strong> 1000 mm<\/p>\n<p><strong>Taban \u00c7ap\u0131:<\/strong> \u00d8 315 mm<\/p>\n<p><strong>A\u011f\u0131rl\u0131k:<\/strong> 3,42 Kg<\/p>\n<p><strong>Malzeme:<\/strong> TPU<\/p>\n","protected":false},"excerpt":{"rendered":"<h3 class=\"page-title\">Esnek ref\u00fcj ba\u015f\u0131 tabelalar\u0131<\/h3>\n","protected":false},"featured_media":18019,"comment_status":"open","ping_status":"closed","template":"","meta":{"_joinchat":[]},"product_brand":[],"product_cat":[109],"product_tag":[],"class_list":{"0":"post-18023","1":"product","2":"type-product","3":"status-publish","4":"has-post-thumbnail","6":"product_cat-esnek-siginak-bas-isaretleri","8":"first","9":"instock","10":"taxable","11":"shipping-taxable","12":"product-type-simple"},"_links":{"self":[{"href":"https:\/\/pt-ekspress.com\/tr\/wp-json\/wp\/v2\/product\/18023","targetHints":{"allow":["GET"]}}],"collection":[{"href":"https:\/\/pt-ekspress.com\/tr\/wp-json\/wp\/v2\/product"}],"about":[{"href":"https:\/\/pt-ekspress.com\/tr\/wp-json\/wp\/v2\/types\/product"}],"replies":[{"embeddable":true,"href":"https:\/\/pt-ekspress.com\/tr\/wp-json\/wp\/v2\/comments?post=18023"}],"version-history":[{"count":3,"href":"https:\/\/pt-ekspress.com\/tr\/wp-json\/wp\/v2\/product\/18023\/revisions"}],"predecessor-version":[{"id":18795,"href":"https:\/\/pt-ekspress.com\/tr\/wp-json\/wp\/v2\/product\/18023\/revisions\/18795"}],"wp:featuredmedia":[{"embeddable":true,"href":"https:\/\/pt-ekspress.com\/tr\/wp-json\/wp\/v2\/media\/18019"}],"wp:attachment":[{"href":"https:\/\/pt-ekspress.com\/tr\/wp-json\/wp\/v2\/media?parent=18023"}],"wp:term":[{"taxonomy":"product_brand","embeddable":true,"href":"https:\/\/pt-ekspress.com\/tr\/wp-json\/wp\/v2\/product_brand?post=18023"},{"taxonomy":"product_cat","embeddable":true,"href":"https:\/\/pt-ekspress.com\/tr\/wp-json\/wp\/v2\/product_cat?post=18023"},{"taxonomy":"product_tag","embeddable":true,"href":"https:\/\/pt-ekspress.com\/tr\/wp-json\/wp\/v2\/product_tag?post=18023"}],"curies":[{"name":"wp","href":"https:\/\/api.w.org\/{rel}","templated":true}]}}