{"id":18015,"date":"2024-11-12T14:23:48","date_gmt":"2024-11-12T14:23:48","guid":{"rendered":"https:\/\/pt-ekspress.com\/product\/pt-1060\/"},"modified":"2024-11-27T01:38:04","modified_gmt":"2024-11-27T01:38:04","slug":"pt-1060","status":"publish","type":"product","link":"https:\/\/pt-ekspress.com\/tr\/product\/pt-1060\/","title":{"rendered":"PT 1060"},"content":{"rendered":"<p><strong>Y\u00fckseklik:<\/strong> 850 mm<\/p>\n<p><strong>Taban \u00c7ap\u0131:<\/strong> \u00d8 200 mm<\/p>\n<p><strong>A\u011f\u0131rl\u0131k:<\/strong> 2 Kg<\/p>\n<p><strong>Malzeme:<\/strong> TPU<\/p>\n<p>&nbsp;<\/p>\n","protected":false},"excerpt":{"rendered":"<h3 class=\"page-title\">Esnek ref\u00fcj ba\u015f\u0131 tabelalar\u0131<\/h3>\n","protected":false},"featured_media":18012,"comment_status":"open","ping_status":"closed","template":"","meta":{"_joinchat":[]},"product_brand":[],"product_cat":[109],"product_tag":[],"class_list":{"0":"post-18015","1":"product","2":"type-product","3":"status-publish","4":"has-post-thumbnail","6":"product_cat-esnek-siginak-bas-isaretleri","8":"first","9":"instock","10":"taxable","11":"shipping-taxable","12":"product-type-simple"},"_links":{"self":[{"href":"https:\/\/pt-ekspress.com\/tr\/wp-json\/wp\/v2\/product\/18015","targetHints":{"allow":["GET"]}}],"collection":[{"href":"https:\/\/pt-ekspress.com\/tr\/wp-json\/wp\/v2\/product"}],"about":[{"href":"https:\/\/pt-ekspress.com\/tr\/wp-json\/wp\/v2\/types\/product"}],"replies":[{"embeddable":true,"href":"https:\/\/pt-ekspress.com\/tr\/wp-json\/wp\/v2\/comments?post=18015"}],"version-history":[{"count":3,"href":"https:\/\/pt-ekspress.com\/tr\/wp-json\/wp\/v2\/product\/18015\/revisions"}],"predecessor-version":[{"id":18791,"href":"https:\/\/pt-ekspress.com\/tr\/wp-json\/wp\/v2\/product\/18015\/revisions\/18791"}],"wp:featuredmedia":[{"embeddable":true,"href":"https:\/\/pt-ekspress.com\/tr\/wp-json\/wp\/v2\/media\/18012"}],"wp:attachment":[{"href":"https:\/\/pt-ekspress.com\/tr\/wp-json\/wp\/v2\/media?parent=18015"}],"wp:term":[{"taxonomy":"product_brand","embeddable":true,"href":"https:\/\/pt-ekspress.com\/tr\/wp-json\/wp\/v2\/product_brand?post=18015"},{"taxonomy":"product_cat","embeddable":true,"href":"https:\/\/pt-ekspress.com\/tr\/wp-json\/wp\/v2\/product_cat?post=18015"},{"taxonomy":"product_tag","embeddable":true,"href":"https:\/\/pt-ekspress.com\/tr\/wp-json\/wp\/v2\/product_tag?post=18015"}],"curies":[{"name":"wp","href":"https:\/\/api.w.org\/{rel}","templated":true}]}}