{"id":18009,"date":"2024-11-12T14:19:14","date_gmt":"2024-11-12T14:19:14","guid":{"rendered":"https:\/\/pt-ekspress.com\/product\/pt-1059\/"},"modified":"2024-11-27T01:36:58","modified_gmt":"2024-11-27T01:36:58","slug":"pt-1059","status":"publish","type":"product","link":"https:\/\/pt-ekspress.com\/tr\/product\/pt-1059\/","title":{"rendered":"PT 1059"},"content":{"rendered":"<p><strong>Marka:<\/strong> \u00dcST\u00dcN<\/p>\n<p><strong>Y\u00fckseklik:<\/strong> 850 mm<\/p>\n<p><strong>Taban \u00c7ap\u0131:<\/strong> \u00d8 200 mm<\/p>\n<p><strong>A\u011f\u0131rl\u0131k:<\/strong> 2 Kg<\/p>\n<p><strong>Malzeme:<\/strong> TPU<\/p>\n<p>&nbsp;<\/p>\n","protected":false},"excerpt":{"rendered":"<table width=\"270\">\n<tbody>\n<tr>\n<td width=\"270\">\n<h3>Esnek ref\u00fcj ba\u015f\u0131 tabelalar\u0131<\/h3>\n<\/td>\n<\/tr>\n<\/tbody>\n<\/table>\n","protected":false},"featured_media":18005,"comment_status":"open","ping_status":"closed","template":"","meta":{"_joinchat":[]},"product_brand":[],"product_cat":[109],"product_tag":[],"class_list":{"0":"post-18009","1":"product","2":"type-product","3":"status-publish","4":"has-post-thumbnail","6":"product_cat-esnek-siginak-bas-isaretleri","8":"first","9":"instock","10":"taxable","11":"shipping-taxable","12":"product-type-simple"},"_links":{"self":[{"href":"https:\/\/pt-ekspress.com\/tr\/wp-json\/wp\/v2\/product\/18009","targetHints":{"allow":["GET"]}}],"collection":[{"href":"https:\/\/pt-ekspress.com\/tr\/wp-json\/wp\/v2\/product"}],"about":[{"href":"https:\/\/pt-ekspress.com\/tr\/wp-json\/wp\/v2\/types\/product"}],"replies":[{"embeddable":true,"href":"https:\/\/pt-ekspress.com\/tr\/wp-json\/wp\/v2\/comments?post=18009"}],"version-history":[{"count":2,"href":"https:\/\/pt-ekspress.com\/tr\/wp-json\/wp\/v2\/product\/18009\/revisions"}],"predecessor-version":[{"id":18787,"href":"https:\/\/pt-ekspress.com\/tr\/wp-json\/wp\/v2\/product\/18009\/revisions\/18787"}],"wp:featuredmedia":[{"embeddable":true,"href":"https:\/\/pt-ekspress.com\/tr\/wp-json\/wp\/v2\/media\/18005"}],"wp:attachment":[{"href":"https:\/\/pt-ekspress.com\/tr\/wp-json\/wp\/v2\/media?parent=18009"}],"wp:term":[{"taxonomy":"product_brand","embeddable":true,"href":"https:\/\/pt-ekspress.com\/tr\/wp-json\/wp\/v2\/product_brand?post=18009"},{"taxonomy":"product_cat","embeddable":true,"href":"https:\/\/pt-ekspress.com\/tr\/wp-json\/wp\/v2\/product_cat?post=18009"},{"taxonomy":"product_tag","embeddable":true,"href":"https:\/\/pt-ekspress.com\/tr\/wp-json\/wp\/v2\/product_tag?post=18009"}],"curies":[{"name":"wp","href":"https:\/\/api.w.org\/{rel}","templated":true}]}}