{"id":18001,"date":"2024-11-12T14:14:31","date_gmt":"2024-11-12T14:14:31","guid":{"rendered":"https:\/\/pt-ekspress.com\/product\/pt-1051\/"},"modified":"2024-12-12T11:44:30","modified_gmt":"2024-12-12T11:44:30","slug":"pt-1051","status":"publish","type":"product","link":"https:\/\/pt-ekspress.com\/tr\/product\/pt-1051\/","title":{"rendered":"PT 1051"},"content":{"rendered":"<p>Malzeme: PP &#8211; PE<br \/>\nY\u00fckseklik: 1200 mm<br \/>\nDirek \u00d6l\u00e7\u00fcleri: \u03a6 110 mm<br \/>\nTaban \u00d6l\u00e7\u00fcleri: 390 \u00d7 390 mm<br \/>\nA\u011f\u0131rl\u0131k: 11 Kg<\/p>\n","protected":false},"excerpt":{"rendered":"<table width=\"270\">\n<tbody>\n<tr>\n<td width=\"270\">\n<h3>uyarIcI dublarI<\/h3>\n<\/td>\n<\/tr>\n<\/tbody>\n<\/table>\n","protected":false},"featured_media":17998,"comment_status":"open","ping_status":"closed","template":"","meta":{"_joinchat":[]},"product_brand":[],"product_cat":[101],"product_tag":[],"class_list":{"0":"post-18001","1":"product","2":"type-product","3":"status-publish","4":"has-post-thumbnail","6":"product_cat-uyari-diregi","8":"first","9":"instock","10":"taxable","11":"shipping-taxable","12":"product-type-simple"},"_links":{"self":[{"href":"https:\/\/pt-ekspress.com\/tr\/wp-json\/wp\/v2\/product\/18001","targetHints":{"allow":["GET"]}}],"collection":[{"href":"https:\/\/pt-ekspress.com\/tr\/wp-json\/wp\/v2\/product"}],"about":[{"href":"https:\/\/pt-ekspress.com\/tr\/wp-json\/wp\/v2\/types\/product"}],"replies":[{"embeddable":true,"href":"https:\/\/pt-ekspress.com\/tr\/wp-json\/wp\/v2\/comments?post=18001"}],"version-history":[{"count":3,"href":"https:\/\/pt-ekspress.com\/tr\/wp-json\/wp\/v2\/product\/18001\/revisions"}],"predecessor-version":[{"id":19019,"href":"https:\/\/pt-ekspress.com\/tr\/wp-json\/wp\/v2\/product\/18001\/revisions\/19019"}],"wp:featuredmedia":[{"embeddable":true,"href":"https:\/\/pt-ekspress.com\/tr\/wp-json\/wp\/v2\/media\/17998"}],"wp:attachment":[{"href":"https:\/\/pt-ekspress.com\/tr\/wp-json\/wp\/v2\/media?parent=18001"}],"wp:term":[{"taxonomy":"product_brand","embeddable":true,"href":"https:\/\/pt-ekspress.com\/tr\/wp-json\/wp\/v2\/product_brand?post=18001"},{"taxonomy":"product_cat","embeddable":true,"href":"https:\/\/pt-ekspress.com\/tr\/wp-json\/wp\/v2\/product_cat?post=18001"},{"taxonomy":"product_tag","embeddable":true,"href":"https:\/\/pt-ekspress.com\/tr\/wp-json\/wp\/v2\/product_tag?post=18001"}],"curies":[{"name":"wp","href":"https:\/\/api.w.org\/{rel}","templated":true}]}}