{"id":17519,"date":"2024-11-09T13:59:14","date_gmt":"2024-11-09T13:59:14","guid":{"rendered":"https:\/\/pt-ekspress.com\/?post_type=product&#038;p=17519"},"modified":"2024-12-12T10:01:20","modified_gmt":"2024-12-12T10:01:20","slug":"pt-1065","status":"publish","type":"product","link":"https:\/\/pt-ekspress.com\/tr\/product\/pt-1065\/","title":{"rendered":"PT 1065"},"content":{"rendered":"<p>Malzeme: PPC &#8211; PP<br \/>\nG\u00f6vde \u00d6l\u00e7\u00fcleri: 1000 \u00d7 220 \u00d7 75 mm<br \/>\nTaban \u00d6l\u00e7\u00fcleri: 1000 \u00d7 220 \u00d7 50 mm<br \/>\nA\u011f\u0131rl\u0131k: 3 Kg<\/p>\n","protected":false},"excerpt":{"rendered":"<h3><span data-sheets-root=\"1\">Esnek ref\u00fcj ba\u015f\u0131 tabelalar\u0131 <\/span><\/h3>\n","protected":false},"featured_media":17520,"comment_status":"open","ping_status":"closed","template":"","meta":{"_joinchat":[]},"product_brand":[],"product_cat":[109],"product_tag":[],"class_list":{"0":"post-17519","1":"product","2":"type-product","3":"status-publish","4":"has-post-thumbnail","6":"product_cat-esnek-siginak-bas-isaretleri","8":"first","9":"instock","10":"taxable","11":"shipping-taxable","12":"product-type-simple"},"_links":{"self":[{"href":"https:\/\/pt-ekspress.com\/tr\/wp-json\/wp\/v2\/product\/17519","targetHints":{"allow":["GET"]}}],"collection":[{"href":"https:\/\/pt-ekspress.com\/tr\/wp-json\/wp\/v2\/product"}],"about":[{"href":"https:\/\/pt-ekspress.com\/tr\/wp-json\/wp\/v2\/types\/product"}],"replies":[{"embeddable":true,"href":"https:\/\/pt-ekspress.com\/tr\/wp-json\/wp\/v2\/comments?post=17519"}],"version-history":[{"count":3,"href":"https:\/\/pt-ekspress.com\/tr\/wp-json\/wp\/v2\/product\/17519\/revisions"}],"predecessor-version":[{"id":18997,"href":"https:\/\/pt-ekspress.com\/tr\/wp-json\/wp\/v2\/product\/17519\/revisions\/18997"}],"wp:featuredmedia":[{"embeddable":true,"href":"https:\/\/pt-ekspress.com\/tr\/wp-json\/wp\/v2\/media\/17520"}],"wp:attachment":[{"href":"https:\/\/pt-ekspress.com\/tr\/wp-json\/wp\/v2\/media?parent=17519"}],"wp:term":[{"taxonomy":"product_brand","embeddable":true,"href":"https:\/\/pt-ekspress.com\/tr\/wp-json\/wp\/v2\/product_brand?post=17519"},{"taxonomy":"product_cat","embeddable":true,"href":"https:\/\/pt-ekspress.com\/tr\/wp-json\/wp\/v2\/product_cat?post=17519"},{"taxonomy":"product_tag","embeddable":true,"href":"https:\/\/pt-ekspress.com\/tr\/wp-json\/wp\/v2\/product_tag?post=17519"}],"curies":[{"name":"wp","href":"https:\/\/api.w.org\/{rel}","templated":true}]}}