{"id":17504,"date":"2024-11-09T13:43:44","date_gmt":"2024-11-09T13:43:44","guid":{"rendered":"https:\/\/pt-ekspress.com\/?post_type=product&#038;p=17504"},"modified":"2024-12-24T14:37:07","modified_gmt":"2024-12-24T14:37:07","slug":"pt-1058","status":"publish","type":"product","link":"https:\/\/pt-ekspress.com\/tr\/product\/pt-1058\/","title":{"rendered":"PT 1058"},"content":{"rendered":"<p>Malzeme: PP &#8211; Rubber<br \/>\nY\u00fckseklik: 650 mm<br \/>\nDirek \u00d6l\u00e7\u00fcleri: 110 mm<br \/>\nTaban \u00d6l\u00e7\u00fcleri: 390 mm<br \/>\nA\u011f\u0131rl\u0131k: 11.50 Kg<\/p>\n","protected":false},"excerpt":{"rendered":"<h3>K\u0131sa Uyar\u0131c\u0131 Dubalar<\/h3>\n","protected":false},"featured_media":17505,"comment_status":"open","ping_status":"closed","template":"","meta":{"_joinchat":[]},"product_brand":[],"product_cat":[101],"product_tag":[],"class_list":{"0":"post-17504","1":"product","2":"type-product","3":"status-publish","4":"has-post-thumbnail","6":"product_cat-uyari-diregi","8":"first","9":"instock","10":"taxable","11":"shipping-taxable","12":"product-type-simple"},"_links":{"self":[{"href":"https:\/\/pt-ekspress.com\/tr\/wp-json\/wp\/v2\/product\/17504","targetHints":{"allow":["GET"]}}],"collection":[{"href":"https:\/\/pt-ekspress.com\/tr\/wp-json\/wp\/v2\/product"}],"about":[{"href":"https:\/\/pt-ekspress.com\/tr\/wp-json\/wp\/v2\/types\/product"}],"replies":[{"embeddable":true,"href":"https:\/\/pt-ekspress.com\/tr\/wp-json\/wp\/v2\/comments?post=17504"}],"version-history":[{"count":5,"href":"https:\/\/pt-ekspress.com\/tr\/wp-json\/wp\/v2\/product\/17504\/revisions"}],"predecessor-version":[{"id":20081,"href":"https:\/\/pt-ekspress.com\/tr\/wp-json\/wp\/v2\/product\/17504\/revisions\/20081"}],"wp:featuredmedia":[{"embeddable":true,"href":"https:\/\/pt-ekspress.com\/tr\/wp-json\/wp\/v2\/media\/17505"}],"wp:attachment":[{"href":"https:\/\/pt-ekspress.com\/tr\/wp-json\/wp\/v2\/media?parent=17504"}],"wp:term":[{"taxonomy":"product_brand","embeddable":true,"href":"https:\/\/pt-ekspress.com\/tr\/wp-json\/wp\/v2\/product_brand?post=17504"},{"taxonomy":"product_cat","embeddable":true,"href":"https:\/\/pt-ekspress.com\/tr\/wp-json\/wp\/v2\/product_cat?post=17504"},{"taxonomy":"product_tag","embeddable":true,"href":"https:\/\/pt-ekspress.com\/tr\/wp-json\/wp\/v2\/product_tag?post=17504"}],"curies":[{"name":"wp","href":"https:\/\/api.w.org\/{rel}","templated":true}]}}