{"id":17497,"date":"2024-11-09T13:38:22","date_gmt":"2024-11-09T13:38:22","guid":{"rendered":"https:\/\/pt-ekspress.com\/?post_type=product&#038;p=17497"},"modified":"2024-12-24T11:37:55","modified_gmt":"2024-12-24T11:37:55","slug":"pt-1057","status":"publish","type":"product","link":"https:\/\/pt-ekspress.com\/tr\/product\/pt-1057\/","title":{"rendered":"PT 1057"},"content":{"rendered":"<p>Malzeme: PP &#8211; PE<br \/>\nY\u00fckseklik: 650 mm<br \/>\nDirek \u00d6l\u00e7\u00fcleri: 110 mm<br \/>\nTaban \u00d6l\u00e7\u00fcleri: 390 mm<br \/>\nA\u011f\u0131rl\u0131k: 10.09 Kg<\/p>\n","protected":false},"excerpt":{"rendered":"<h3>K\u0131sa Uyar\u0131c\u0131 Dubalar<\/h3>\n","protected":false},"featured_media":17631,"comment_status":"open","ping_status":"closed","template":"","meta":{"_joinchat":[]},"product_brand":[],"product_cat":[101],"product_tag":[],"class_list":{"0":"post-17497","1":"product","2":"type-product","3":"status-publish","4":"has-post-thumbnail","6":"product_cat-uyari-diregi","8":"first","9":"instock","10":"taxable","11":"shipping-taxable","12":"product-type-simple"},"_links":{"self":[{"href":"https:\/\/pt-ekspress.com\/tr\/wp-json\/wp\/v2\/product\/17497","targetHints":{"allow":["GET"]}}],"collection":[{"href":"https:\/\/pt-ekspress.com\/tr\/wp-json\/wp\/v2\/product"}],"about":[{"href":"https:\/\/pt-ekspress.com\/tr\/wp-json\/wp\/v2\/types\/product"}],"replies":[{"embeddable":true,"href":"https:\/\/pt-ekspress.com\/tr\/wp-json\/wp\/v2\/comments?post=17497"}],"version-history":[{"count":4,"href":"https:\/\/pt-ekspress.com\/tr\/wp-json\/wp\/v2\/product\/17497\/revisions"}],"predecessor-version":[{"id":19031,"href":"https:\/\/pt-ekspress.com\/tr\/wp-json\/wp\/v2\/product\/17497\/revisions\/19031"}],"wp:featuredmedia":[{"embeddable":true,"href":"https:\/\/pt-ekspress.com\/tr\/wp-json\/wp\/v2\/media\/17631"}],"wp:attachment":[{"href":"https:\/\/pt-ekspress.com\/tr\/wp-json\/wp\/v2\/media?parent=17497"}],"wp:term":[{"taxonomy":"product_brand","embeddable":true,"href":"https:\/\/pt-ekspress.com\/tr\/wp-json\/wp\/v2\/product_brand?post=17497"},{"taxonomy":"product_cat","embeddable":true,"href":"https:\/\/pt-ekspress.com\/tr\/wp-json\/wp\/v2\/product_cat?post=17497"},{"taxonomy":"product_tag","embeddable":true,"href":"https:\/\/pt-ekspress.com\/tr\/wp-json\/wp\/v2\/product_tag?post=17497"}],"curies":[{"name":"wp","href":"https:\/\/api.w.org\/{rel}","templated":true}]}}