{"id":17483,"date":"2024-11-09T13:28:21","date_gmt":"2024-11-09T13:28:21","guid":{"rendered":"https:\/\/pt-ekspress.com\/?post_type=product&#038;p=17483"},"modified":"2024-12-24T11:37:09","modified_gmt":"2024-12-24T11:37:09","slug":"pt-1053","status":"publish","type":"product","link":"https:\/\/pt-ekspress.com\/tr\/product\/pt-1053\/","title":{"rendered":"PT 1053"},"content":{"rendered":"<p>Malzeme: PP &#8211; PE<br \/>\nY\u00fckseklik: 1000 mm<br \/>\nDirek \u00d6l\u00e7\u00fcleri: 60 mm<br \/>\nTaban \u00d6l\u00e7\u00fcleri: 390 \u00d7 390 mm<br \/>\nA\u011f\u0131rl\u0131k: 4.5 Kg<\/p>\n","protected":false},"excerpt":{"rendered":"<h3>Uyar\u0131c\u0131 Dubalar\u0131<\/h3>\n","protected":false},"featured_media":17484,"comment_status":"open","ping_status":"closed","template":"","meta":{"_joinchat":[]},"product_brand":[],"product_cat":[101],"product_tag":[],"class_list":{"0":"post-17483","1":"product","2":"type-product","3":"status-publish","4":"has-post-thumbnail","6":"product_cat-uyari-diregi","8":"first","9":"instock","10":"taxable","11":"shipping-taxable","12":"product-type-simple"},"_links":{"self":[{"href":"https:\/\/pt-ekspress.com\/tr\/wp-json\/wp\/v2\/product\/17483","targetHints":{"allow":["GET"]}}],"collection":[{"href":"https:\/\/pt-ekspress.com\/tr\/wp-json\/wp\/v2\/product"}],"about":[{"href":"https:\/\/pt-ekspress.com\/tr\/wp-json\/wp\/v2\/types\/product"}],"replies":[{"embeddable":true,"href":"https:\/\/pt-ekspress.com\/tr\/wp-json\/wp\/v2\/comments?post=17483"}],"version-history":[{"count":4,"href":"https:\/\/pt-ekspress.com\/tr\/wp-json\/wp\/v2\/product\/17483\/revisions"}],"predecessor-version":[{"id":19026,"href":"https:\/\/pt-ekspress.com\/tr\/wp-json\/wp\/v2\/product\/17483\/revisions\/19026"}],"wp:featuredmedia":[{"embeddable":true,"href":"https:\/\/pt-ekspress.com\/tr\/wp-json\/wp\/v2\/media\/17484"}],"wp:attachment":[{"href":"https:\/\/pt-ekspress.com\/tr\/wp-json\/wp\/v2\/media?parent=17483"}],"wp:term":[{"taxonomy":"product_brand","embeddable":true,"href":"https:\/\/pt-ekspress.com\/tr\/wp-json\/wp\/v2\/product_brand?post=17483"},{"taxonomy":"product_cat","embeddable":true,"href":"https:\/\/pt-ekspress.com\/tr\/wp-json\/wp\/v2\/product_cat?post=17483"},{"taxonomy":"product_tag","embeddable":true,"href":"https:\/\/pt-ekspress.com\/tr\/wp-json\/wp\/v2\/product_tag?post=17483"}],"curies":[{"name":"wp","href":"https:\/\/api.w.org\/{rel}","templated":true}]}}