{"id":17479,"date":"2024-11-09T13:20:06","date_gmt":"2024-11-09T13:20:06","guid":{"rendered":"https:\/\/pt-ekspress.com\/?post_type=product&#038;p=17479"},"modified":"2024-12-12T11:47:20","modified_gmt":"2024-12-12T11:47:20","slug":"pt-1052","status":"publish","type":"product","link":"https:\/\/pt-ekspress.com\/tr\/product\/pt-1052\/","title":{"rendered":"PT 1052"},"content":{"rendered":"<p>Malzeme: PP &#8211; Rubber<br \/>\nY\u00fckseklik: 1200 mm<br \/>\nDirek \u00d6l\u00e7\u00fcleri: \u03a6 110 mm<br \/>\nTaban \u00d6l\u00e7\u00fcleri: 390 \u00d7 390 mm<br \/>\nA\u011f\u0131rl\u0131k: 11 Kg<\/p>\n","protected":false},"excerpt":{"rendered":"<h3>Uyar\u0131c\u0131 Dubalar\u0131<\/h3>\n","protected":false},"featured_media":17475,"comment_status":"open","ping_status":"closed","template":"","meta":{"_joinchat":[]},"product_brand":[],"product_cat":[101],"product_tag":[],"class_list":{"0":"post-17479","1":"product","2":"type-product","3":"status-publish","4":"has-post-thumbnail","6":"product_cat-uyari-diregi","8":"first","9":"instock","10":"taxable","11":"shipping-taxable","12":"product-type-simple"},"_links":{"self":[{"href":"https:\/\/pt-ekspress.com\/tr\/wp-json\/wp\/v2\/product\/17479","targetHints":{"allow":["GET"]}}],"collection":[{"href":"https:\/\/pt-ekspress.com\/tr\/wp-json\/wp\/v2\/product"}],"about":[{"href":"https:\/\/pt-ekspress.com\/tr\/wp-json\/wp\/v2\/types\/product"}],"replies":[{"embeddable":true,"href":"https:\/\/pt-ekspress.com\/tr\/wp-json\/wp\/v2\/comments?post=17479"}],"version-history":[{"count":4,"href":"https:\/\/pt-ekspress.com\/tr\/wp-json\/wp\/v2\/product\/17479\/revisions"}],"predecessor-version":[{"id":19024,"href":"https:\/\/pt-ekspress.com\/tr\/wp-json\/wp\/v2\/product\/17479\/revisions\/19024"}],"wp:featuredmedia":[{"embeddable":true,"href":"https:\/\/pt-ekspress.com\/tr\/wp-json\/wp\/v2\/media\/17475"}],"wp:attachment":[{"href":"https:\/\/pt-ekspress.com\/tr\/wp-json\/wp\/v2\/media?parent=17479"}],"wp:term":[{"taxonomy":"product_brand","embeddable":true,"href":"https:\/\/pt-ekspress.com\/tr\/wp-json\/wp\/v2\/product_brand?post=17479"},{"taxonomy":"product_cat","embeddable":true,"href":"https:\/\/pt-ekspress.com\/tr\/wp-json\/wp\/v2\/product_cat?post=17479"},{"taxonomy":"product_tag","embeddable":true,"href":"https:\/\/pt-ekspress.com\/tr\/wp-json\/wp\/v2\/product_tag?post=17479"}],"curies":[{"name":"wp","href":"https:\/\/api.w.org\/{rel}","templated":true}]}}